{"id":15,"date":"2017-04-22T21:06:57","date_gmt":"2017-04-22T21:06:57","guid":{"rendered":"http:\/\/maudalicherif.fr\/?page_id=15"},"modified":"2017-04-24T20:30:41","modified_gmt":"2017-04-24T20:30:41","slug":"15-2","status":"publish","type":"page","link":"https:\/\/maudalicherif.fr\/fr\/","title":{"rendered":"Maud Ali-Ch\u00e9rif"},"content":{"rendered":"<div id=\"aq-template-wrapper-8\" class=\"aq-template-wrapper aq_row\">   \n\t   <!--Slider-->\n\t\t<div class=\"slider\">\n\t\t\t<!--Main slider-->\n\t\t\t<div class=\" mainSlider flexslider\">\n\t\t\t\t<ul class=\"slides\">\n\t\t\t\t\t\n\n\t\t\t\t\t\t\n\t\t\t\t\t\t\t\n\t\t\t\t\t\t\n\t\t\t\t\t\t\t\t\t<li>\n\t\t\t\t\t\t\t\t\t\t\t\t\t\t\t\t\t\t\t\t<img decoding=\"async\" src=\"http:\/\/maudalicherif.fr\/wp-content\/uploads\/2017\/04\/WhatsApp-Image-2017-02-03-at-18.54.35.jpeg\" class=\"slide\" alt=\"\"\/>\n\t\t\t\t\t\t\t\t\t\t\t\t\t\t\t\t\t\t\t\t<div class=\"caption\">\n\t\t\t\t\t\t\t\t\t\t\t<h1 style=\"color:#ffffff;\">Maud Ali-Ch\u00e9rif<\/h1>\n\t\t\t\t\t\t\t\t\t\t\t<p style=\"color:#ffffff;\"><\/p>\t\n\t\t\t\t\t\t\t\t\t\t<\/div>\n\t\t\t\t\t\t\t\t\t<\/li>\n\t\t\t\t\t\t\n\t\t\t\t\t\t\n\t\t\t\t\t\t\t\n\t\t\t\t\t\t\n\t\t\t\t\t\t\t\t\t<li>\n\t\t\t\t\t\t\t\t\t\t\t\t\t\t\t\t\t\t\t\t<img decoding=\"async\" src=\"http:\/\/maudalicherif.fr\/wp-content\/uploads\/2017\/04\/L1006949-crop2.jpg\" class=\"slide\" alt=\"\"\/>\n\t\t\t\t\t\t\t\t\t\t\t\t\t\t\t\t\t\t\t\t<div class=\"caption\">\n\t\t\t\t\t\t\t\t\t\t\t<h1 style=\"color:#ffffff;\">Pianiste<\/h1>\n\t\t\t\t\t\t\t\t\t\t\t<p style=\"color:#ffffff;\"><\/p>\t\n\t\t\t\t\t\t\t\t\t\t<\/div>\n\t\t\t\t\t\t\t\t\t<\/li>\n\t\t\t\t\t\t\n\t\t\t\t\t\t\n\t\t\t\t\t\t\t\n\t\t\t\t\t\t\n\t\t\t\t\t\t\t\t\t<li>\n\t\t\t\t\t\t\t\t\t\t\t\t\t\t\t\t\t\t\t\t<img decoding=\"async\" src=\"http:\/\/maudalicherif.fr\/wp-content\/uploads\/2017\/04\/IMG_0138-wp.jpg\" class=\"slide\" alt=\"\"\/>\n\t\t\t\t\t\t\t\t\t\t\t\t\t\t\t\t\t\t\t\t<div class=\"caption\">\n\t\t\t\t\t\t\t\t\t\t\t<h1 style=\"color:#ffffff;\">Cours de Piano<\/h1>\n\t\t\t\t\t\t\t\t\t\t\t<p style=\"color:#ffffff;\"><\/p>\t\n\t\t\t\t\t\t\t\t\t\t<\/div>\n\t\t\t\t\t\t\t\t\t<\/li>\n\t\t\t\t\t\t\n\t\t\t\t\t\n\t\t\t\t\n\t\t\t\t<\/ul>\n\t\t\t<\/div>\n\t\t\t<!--End main slider-->\n\t\t<\/div>\n\t\t<!--End  slider-->\n\t\n\t\t\t \n\t\t \n\t<div class=\"maindecor white\">\n\t\t<div class=\"decoration-top\">\t\n\t\t\t<svg version=\"1.1\" xmlns=\"http:\/\/www.w3.org\/2000\/svg\" width=\"100%\" height=\"100%\" viewBox=\"0 0 2880.000000 317.000000\" preserveAspectRatio=\"xMinYMax meet\">    <g transform=\"translate(0.000000,317.000000) scale(0.100000,-0.100000)\" class=\"decoration-white\">        <path d=\"M-10 1550 l0 -1585 14400 0 c9593 0 14400 3 14400 10 0 6 -17 10 -37 10 -191 1 -2123 67 -2773 95 -190 8 -505 21 -700 30 -195 8 -434 19 -530 24 -96 6 -229 13 -295 16 -189 8 -512 25 -605 30 -47 3 -213 12 -370 20 -262 14 -723 39 -1160 64 -96 6 -206 13 -245 16 -65 5 -352 23 -950 60 -280 17 -591 38 -890 60 -189 15 -356 27 -839 60 -321 23 -716 52 -986 74 -447 37 -742 61 -990 81 -135 11 -328 27 -430 35 -102 8 -232 19 -290 25 -58 5 -235 21 -395 35 -306 26 -523 46 -770 70 -82 8 -202 19 -265 25 -168 16 -588 57 -1170 115 -140 14 -310 31 -715 74 -619 66 -729 78 -1065 116 -124 15 -286 33 -360 41 -74 7 -169 18 -210 24 -41 5 -172 21 -290 35 -118 14 -271 32 -340 40 -69 8 -307 38 -530 65 -223 28 -457 57 -520 65 -304 38 -1092 142 -1360 180 -860 122 -1202 171 -1390 200 -124 19 -301 46 -395 60 -252 38 -423 64 -490 75 -33 5 -116 19 -185 30 -303 48 -655 105 -900 146 -579 98 -623 105 -1005 175 -93 16 -217 39 -275 49 -238 43 -718 132 -910 169 -113 22 -288 56 -390 76 -414 80 -1186 239 -1580 325 -52 12 -165 36 -251 55 -144 32 -521 117 -734 166 -50 12 -112 27 -139 35 -27 8 -56 14 -63 14 -11 0 -13 -280 -13 -1585z\"><\/path>    <\/g><\/svg>\n\t\t<\/div>\n\t\t<section class=\"offsetBottom\" id=\"about\">\t\t\t\t\t\n\t\t\t<!--About container-->\t\t\n\t\t\t<div class=\"container clearfix\">\t\n\t\t\t\t<div class=\"abouttitleInner row eight columns animated\">\t\n\t\t\t\t<h1 class=\"mainTitle\">Biographie<\/h1>\t\n\t\t\t\t<p>Maud a commenc\u00e9 \u00e0 jouer du piano \u00e0 l'\u00e2ge de sept ans. L'instrument exer\u00e7a une fascination et une attraction imm\u00e9diate.\nElle a d\u00e9but\u00e9 par des cours de piano priv\u00e9, puis \u00e0 neuf ans elle fut admise au Conservatoire d'Annecy dans la classe de solf\u00e8ge et de clarinette. \nDeux ans plus tard elle fut recut en classe de musique \u00e9tude de piano. Pendant six ans elle a suivi les cours intensifs du Conservatoire d'Annecy. \nElle mit fin \u00e0 son cursus en recevant les dipl\u00f4mes CFEM dans toutes les disciplines (piano, accompagnement, solf\u00e8ge, musique de chambre, analyse et esth\u00e9tique) et le dipl\u00f4me DEM en analyse et esth\u00e9tique dans la classe de Mr Gaudet (professeur au Conservatoire sup\u00e9rieur de Lyon).<\/p>\n\t\t\t\t<p>Suite \u00e0 cet enseignement classique, elle a int\u00e9gr\u00e9 la Compagnie d'Orion \u00e0 Rennes. Pendant deux ans elle a utilis\u00e9 son instrument pour le th\u00e9\u00e2tre, la danse et les spectacles de rue.\nPendant cette p\u00e9riode, elle ira de Bretagne \u00e0 Paris toutes les semaines pour travailler avec les professeurs de la section jazz du conservatoire de Cachan.\n<br><br>\nTout en enseignant elle-m\u00eame, elle fut recu dans la classe de piano de Mme Adilia Alieva \u00e0 Gaillard. \nAvec Adilia Alieva et d\u2019autres musiciens comme Bernard Lubat et le \u00ab Quatuor Annesci \u00bb, elle a particip\u00e9 \u00e0 de nombreux stages et concerts.\nParall\u00e8lement elle a suivi les cours de Mme Petit-Rivi\u00e8re au Conservatoire de Chamb\u00e9ry o\u00f9 elle a recu les dipl\u00f4mes de DEM en musique de chambre, analyse et esth\u00e9tique.<\/p>\n\t\t\t\t<!--About link-->\t\t\t\n\t\t\t\t\t\t\t\t\t<div class=\"aboutLink\"> \t\t\t\n\t\t\t\t\t\t\t\t\t<ul class=\"horizontalLinks\">\t\t\t\n\t\t\t\t\t\t\t\t\t\t\t\t\t\t\t\t\n\t\t\t\t\t\t\t\t\t<li>\t\t\t\t\t\n\t\t\t\t\t\t\t\t\t<a href=\"\"  class=\"scroll\">\t\t\n\t\t\t\t\t\t\t\t\t<i class=\"\"><\/i><span><\/span>\n\t\t\t\t\t\t\t\t\t<\/a>\t\t\t\t\n\t\t\t\t\t\t\t\t\t<\/li>\t\t\t\t\t\n\t\t\t\t\t\t\t\t\t\t\n\t\t\t\t\t\t\t\t\t<\/ul>\t\t\t\n\t\t\t\t\t\t\t\t\t<\/div>\t\t\t\n\t\t\t\t\t\t\t\t\t<!--End About link-->\t\n\t\t\t\t<\/div>\n\t\t\t\t<div class=\"row eight columns animated\">\t\n\t\t\t\t\t<div class=\"pic_description\">\n\t\t\t\t\t\t\t\t\t\t\t<img decoding=\"async\" src=\"http:\/\/maudalicherif.fr\/wp-content\/uploads\/2017\/04\/IMG_0105_transparent_small.png\" class=\"slides\" alt=\"\"\/>\n\t\t\t\t\t\t\n\t\t\t\t\t<\/div>\n\t\t\t\t<\/div>\t\t\n\t\t\t<\/div>\t\t\t\n\t\t\t<!--End About container-->\n\t\t<\/section>\n\t<\/div>\n \t\t <div class=\"maindecor\"><div class=\"decoration-top\"><svg version=\"1.1\" xmlns=\"http:\/\/www.w3.org\/2000\/svg\" width=\"100%\" height=\"100%\" viewBox=\"0 0 2880.000000 317.000000\" preserveAspectRatio=\"xMinYMax meet\">    <g transform=\"translate(0.000000,317.000000) scale(0.100000,-0.100000)\" class=\"decoration-purple\">        <path d=\"M-10 1550 l0 -1585 14400 0 c9593 0 14400 3 14400 10 0 6 -17 10 -37 10 -191 1 -2123 67 -2773 95 -190 8 -505 21 -700 30 -195 8 -434 19 -530 24 -96 6 -229 13 -295 16 -189 8 -512 25 -605 30 -47 3 -213 12 -370 20 -262 14 -723 39 -1160 64 -96 6 -206 13 -245 16 -65 5 -352 23 -950 60 -280 17 -591 38 -890 60 -189 15 -356 27 -839 60 -321 23 -716 52 -986 74 -447 37 -742 61 -990 81 -135 11 -328 27 -430 35 -102 8 -232 19 -290 25 -58 5 -235 21 -395 35 -306 26 -523 46 -770 70 -82 8 -202 19 -265 25 -168 16 -588 57 -1170 115 -140 14 -310 31 -715 74 -619 66 -729 78 -1065 116 -124 15 -286 33 -360 41 -74 7 -169 18 -210 24 -41 5 -172 21 -290 35 -118 14 -271 32 -340 40 -69 8 -307 38 -530 65 -223 28 -457 57 -520 65 -304 38 -1092 142 -1360 180 -860 122 -1202 171 -1390 200 -124 19 -301 46 -395 60 -252 38 -423 64 -490 75 -33 5 -116 19 -185 30 -303 48 -655 105 -900 146 -579 98 -623 105 -1005 175 -93 16 -217 39 -275 49 -238 43 -718 132 -910 169 -113 22 -288 56 -390 76 -414 80 -1186 239 -1580 325 -52 12 -165 36 -251 55 -144 32 -521 117 -734 166 -50 12 -112 27 -139 35 -27 8 -56 14 -63 14 -11 0 -13 -280 -13 -1585z\"><\/path>    <\/g><\/svg><\/div>\n         \t\t<section id=\"services\" class=\"offsetBottom purple\">\n\t\t\t\t\n\t\t\t\t<!--Section title-->\n\t\t\t\t\n\t\t\t\t\t\t<!--Container-->\n\t\t\t\t\t\t<div class=\"container clearfix\">\n\t\t\t\t\t\t\t<div class=\"servicesInner row eight columns animated\">\n\t\t\t\t\t\t\t\t<h1 class=\"mainTitle\">Dipl\u00f4me<\/h1>\n\t\t\t\t\t\t\t\t<p class=\"servicesDesc\"><\/p>\t\t\t\t\t\t\t\n\t\t\t\t\t\t\t<\/div>\n\t\t\t\t\t\t<\/div>\n\t\t\t\t\t\t<!--End container-->\n\t\t\t\t\n\t\t\t\t<!--End section title-->\n\t\t\t\t<!--Section content-->\n\t\t\t\t\n\n\t\t\t\t<!--Container-->\n\t\t\t\t<div class=\"container clearfix\">\t\n\t\t\t\t\t<!--Services inner-->\n\t\t\t\t\t<div class=\"servicesInner row\">\n         <div class=\"service one-third column animated\">\n\t\t\t\t\t\t\t<h3>\n\t\t\t\t\t\t\t<i class=\"\"><\/i>\n\t\t\t\t\t\t\tDEM  Piano, Analyse, Esth\u00e9tique, Musique de Chambre et Accompagnement\n\t\t\t\t\t\t\t<\/h3>\n\t\t\t\t\t\t\t<p><\/p>\n\t\t\t\t\t\t<\/div><div class=\"service one-third column animated\">\n\t\t\t\t\t\t\t<h3>\n\t\t\t\t\t\t\t<i class=\"\"><\/i>\n\t\t\t\t\t\t\tBaccalaur\u00e9at Litteraire option Math\u00e9matiques et Musique\n\t\t\t\t\t\t\t<\/h3>\n\t\t\t\t\t\t\t<p><\/p>\n\t\t\t\t\t\t<\/div>\t<\/div>\n\t\t\t\t\t<!--End services inner-->\n\n\t\t\t\t\n\t\t\t\t<!--End container-->\n\n\t\t\t\t<\/div>\n\t\t\t\t<!--End section content -->\n\n\t\t\t<\/section><\/div>\n\t\t\t<!--End services section-->\t\t<div class=\"maindecor\">\n\t\t<div class=\"decoration-top\">\n\t\t\t<svg version=\"1.1\" xmlns=\"http:\/\/www.w3.org\/2000\/svg\" width=\"100%\" height=\"100%\" viewBox=\"0 0 2880.000000 317.000000\" preserveAspectRatio=\"xMinYMax meet\">    <g transform=\"translate(0.000000,317.000000) scale(0.100000,-0.100000)\" class=\"decoration-orange\" >        <path d=\"M-10 1550 l0 -1585 14400 0 c9593 0 14400 3 14400 10 0 6 -17 10 -37 10 -191 1 -2123 67 -2773 95 -190 8 -505 21 -700 30 -195 8 -434 19 -530 24 -96 6 -229 13 -295 16 -189 8 -512 25 -605 30 -47 3 -213 12 -370 20 -262 14 -723 39 -1160 64 -96 6 -206 13 -245 16 -65 5 -352 23 -950 60 -280 17 -591 38 -890 60 -189 15 -356 27 -839 60 -321 23 -716 52 -986 74 -447 37 -742 61 -990 81 -135 11 -328 27 -430 35 -102 8 -232 19 -290 25 -58 5 -235 21 -395 35 -306 26 -523 46 -770 70 -82 8 -202 19 -265 25 -168 16 -588 57 -1170 115 -140 14 -310 31 -715 74 -619 66 -729 78 -1065 116 -124 15 -286 33 -360 41 -74 7 -169 18 -210 24 -41 5 -172 21 -290 35 -118 14 -271 32 -340 40 -69 8 -307 38 -530 65 -223 28 -457 57 -520 65 -304 38 -1092 142 -1360 180 -860 122 -1202 171 -1390 200 -124 19 -301 46 -395 60 -252 38 -423 64 -490 75 -33 5 -116 19 -185 30 -303 48 -655 105 -900 146 -579 98 -623 105 -1005 175 -93 16 -217 39 -275 49 -238 43 -718 132 -910 169 -113 22 -288 56 -390 76 -414 80 -1186 239 -1580 325 -52 12 -165 36 -251 55 -144 32 -521 117 -734 166 -50 12 -112 27 -139 35 -27 8 -56 14 -63 14 -11 0 -13 -280 -13 -1585z\"><\/path>    <\/g><\/svg>\n\t\t<\/div>\n\t\t<section class=\"offsetBottom space orange\" id=\"team\">\n\t\t<!--Team Container-->\n\t\t\t<div class=\"container clearfix \">\n\t\t\t\t<!--Team details-->\t\n\t\t\t\t<div class=\"row teamtitleInner animated\">\n\t\t\t\t\t<h1 class=\"mainTitle\">Enseignement<\/h1>\n\t\t\t\t\t<p><img decoding=\"async\" src=\"http:\/\/maudalicherif.fr\/wp-content\/uploads\/2017\/04\/L1006844-Custom-small.png\" class=\"julien\" alt=\"\">Maud a commenc\u00e9 \u00e0 donner des cours priv\u00e9s pour Mme Adilia Alieva en 2001, puis elle a cr\u00e9\u00e9 sa propre classe de piano. Elle a \u00e9galement \u00e9t\u00e9 professeur en \u00e9cole de musique ( Domancy, La Clusaz) Son exp\u00e9rience l'a amen\u00e9 \u00e0 envisager sa propre vision de l'enseignement musical. <BR><BR> Le point de d\u00e9part de cet enseignement est l'amour de la musique et de son language. La musique raconte des histoires, provoque des images, et des \u00e9motions.  La technique et la th\u00e9orie sont des moyens pour faire vivre ce monde sonore.  Le solf\u00e8ge et la technique ne sont donc pas une fin en soi. Le solf\u00e8ge est tout de suite mis en pratique sur l'instrument et les probl\u00e8mes techniques sont abord\u00e9s dans les pi\u00e8ces musicales. La th\u00e9orie n'est pas une discipline abstraite mais bien un moyen de ma\u00eetriser son instrument et de comprendre le sens de la musique. <BR><BR> La pratique d'un instrument passe aussi par la pratique du public, c'est pourquoi au moins deux fois par an les \u00e9l\u00e8ves se produisent en concert dans un th\u00e9\u00e2tre.<\/p>\n\t\t\t\t<\/div>\n\t\t\t\t<!--End team details-->\n\t\t\t\t<!--Team thumbs-->\n\t\t\t\t<div class=\"clearfix\">\n\t\t\t\t\t<ul class=\"thumbs\">\n\t\t\t\t\t\t\t\t\t\t\t\t<li class=\"teammate one-third column animated\">\n\t\t\t\t\t\t\t\t<img loading=\"lazy\" decoding=\"async\" width=\"505\" height=\"388\" src=\"http:\/\/maudalicherif.fr\/fr\/wp-content\/uploads\/2017\/04\/nothing.png\" alt=\"\">\n\t\t\t\t\t\t\t\t\t<!--Team details single-->\n\t\t\t\t\t\t\t\t\t<div id=\"team1\" class=\"teamDetails first\">\n\t\t\t\t\t\t\t\t\t\n\t\t\t\t\t\t\t\t\t\t<h3><\/h3>\n\t\t\t\t\t\t\t\t\t\t<p> \u2013  \u2013 <\/p>\n\t\t\t\t\t\t\t\t\t\t\t\t\t\t\t\t\t\t\t\t<ul class=\"iconSocial\">\n\t\t\t\t\t\t\t\t\t\t\t\t\t\t\t\t\t\t\t\t\t\t\t\t\t\t\t\t\t\t\t\t\t\t\t\t\t\t\t\t\t\t\t\t\t\t\t\t\t\t\t\t\t\t\t\t\t\t\t\t\t\t\t\t\t\t\t\t\t\t\t\t\t\t\t\t\t\t\t\t\t\t\t\t\t\t\t\t\t\t\t\t\t\t\t\t\t\t<\/ul>\n\t\t\t\t\t\t\t\t\t<\/div>\n\t\t\t\t\t\t\t\t\t<!--End team details single-->\n\t\t\t\t\t\t\t\t<\/li>\n\t\t\t\t\t\n\t\t\t\t\t<\/ul>\t\n\t\t\t\t<\/div>\n\t\t\t\t<!--End team thumbs-->\n\t\t\t<\/div>\n\t\t\t<!--End container-->\n\t\t<\/section>\n\t<\/div>\n\n \t\t\t\t\t\n\t\t<script type=\"text\/javascript\">\n\t\t  function initialize() {\t\n\t\t\tvar latitude = \"52.106720\";\n\t\t\tvar longitude = \"4.274958\";\n\t\t\tvar pointer_icon = \"\";\n\t\t\tvar map_zoom = 15;\n\t\t\tvar map_canvas = document.getElementById('map_canvas');\n\t\t\tvar map_options = {\n\t\t\t  center: new google.maps.LatLng(latitude, longitude),\n\t\t\t  zoom: map_zoom,\n\t\t\t  scrollwheel: false,\n\t\t\t\tnavigationControl: false,\n\t\t\t\tmapTypeControl: false,\n\t\t\t\tscaleControl: false,\n\t\t\t\tdraggable: false,\n\t\t\t\tmapTypeId: google.maps.MapTypeId.TERRAIN\n\t\t\t  \n\t\t\t}; \n\t\t\tvar map = new google.maps.Map(map_canvas, map_options);\n\t\t\tvar iconBase = 'http:\/\/fontello.com\/';\n\t\t\tvar icons = {\n\t\t\t\tmugatu_map: {\n\t\t\t\t\n\t\t\t\t\ticon: pointer_icon\t\t\t\t\t\n\t\t\t\t},\n\t\t\t};\n\t\t\tvar infowindow = new google.maps.InfoWindow();\n\t\t\tfunction addMarker(feature) {\n\t\t\t\tvar marker = new google.maps.Marker({\n\t\t\t\t\tposition: feature.position,\n\t\t\t\t\ticon: icons[feature.type].icon,  \n\t\t\t\t\tshadow: {\n\t\t\t\t\t   url: icons[feature.type].shadow,\n\t\t\t\t\t   anchor: new google.maps.Point(21, 32)\n\t\t\t\t\t},\n\t\t\t\t\tanimation: google.maps.Animation.BOUNCE,\n\t\t\t\t\tmap: map\n\t\t\t\t});\n\t\t\t\tgoogle.maps.event.addListener(marker, \"click\", function () {\n\t\t\t\t \/\/infowindow.setContent(feature.type);\n\t\t\t\t\t\/\/ infowindow.open(map,marker);\n\t\t\t\t});\n\t\t\t}\n\t\t\tvar features = [\n\n\t\t\t  {\n\t\t\t\tposition: new google.maps.LatLng(latitude, longitude),\n\t\t\t\ttype: 'mugatu_map'\n\t\t\t  }\n\t\t\t  ];  \n\t\t\tfor (var i = 0, feature; feature = features[i]; i++) {\n\t\t\t  addMarker(feature);\n\t\t\t  } \n\t\t\t\/\/var legend = document.getElementById('legend');\n\t\t\tfor (var key in icons) {\n\t\t\t  var type = icons[key];\n\t\t\t  var name = type.name;\n\t\t\t  var icon = type.icon;\n\t\t\t  var div = document.createElement('div');\n\t\t\t  div.innerHTML = '<img decoding=\"async\" src=\"' + icon + '\" > ' + name;\n\t\t\t \/\/ legend.appendChild(div);\n\t\t\t}\n\t\t\t\/*\n\t\t\tmap.controls[google.maps.ControlPosition.LEFT_BOTTOM].push(\n\t\t\tdocument.getElementById('legend'));\n\t\t\t*\/\n\t\t  }\n          google.maps.event.addDomListener(window, 'load', initialize);\n        <\/script>  \n\t\t\n\t\t\t\t<div class=\"maindecor\">\n\t\t\t<div class=\"decoration-top\">\n\t\t\t\t<svg version=\"1.1\" xmlns=\"http:\/\/www.w3.org\/2000\/svg\" width=\"100%\" height=\"100%\" viewBox=\"0 0 2880.000000 317.000000\" preserveAspectRatio=\"xMinYMax meet\">    <g transform=\"translate(0.000000,317.000000) scale(0.100000,-0.100000)\" class=\"decoration-green\">        <path d=\"M-10 1550 l0 -1585 14400 0 c9593 0 14400 3 14400 10 0 6 -17 10 -37 10 -191 1 -2123 67 -2773 95 -190 8 -505 21 -700 30 -195 8 -434 19 -530 24 -96 6 -229 13 -295 16 -189 8 -512 25 -605 30 -47 3 -213 12 -370 20 -262 14 -723 39 -1160 64 -96 6 -206 13 -245 16 -65 5 -352 23 -950 60 -280 17 -591 38 -890 60 -189 15 -356 27 -839 60 -321 23 -716 52 -986 74 -447 37 -742 61 -990 81 -135 11 -328 27 -430 35 -102 8 -232 19 -290 25 -58 5 -235 21 -395 35 -306 26 -523 46 -770 70 -82 8 -202 19 -265 25 -168 16 -588 57 -1170 115 -140 14 -310 31 -715 74 -619 66 -729 78 -1065 116 -124 15 -286 33 -360 41 -74 7 -169 18 -210 24 -41 5 -172 21 -290 35 -118 14 -271 32 -340 40 -69 8 -307 38 -530 65 -223 28 -457 57 -520 65 -304 38 -1092 142 -1360 180 -860 122 -1202 171 -1390 200 -124 19 -301 46 -395 60 -252 38 -423 64 -490 75 -33 5 -116 19 -185 30 -303 48 -655 105 -900 146 -579 98 -623 105 -1005 175 -93 16 -217 39 -275 49 -238 43 -718 132 -910 169 -113 22 -288 56 -390 76 -414 80 -1186 239 -1580 325 -52 12 -165 36 -251 55 -144 32 -521 117 -734 166 -50 12 -112 27 -139 35 -27 8 -56 14 -63 14 -11 0 -13 -280 -13 -1585z\"><\/path>    <\/g><\/svg>\n\t\t\t<\/div>\t\t\n\t\t<section id=\"contact\" class=\"green\">\t\n\t\t\n\t\t\t<div class=\"container clearfix contactSec\">\t\n\t\t\t<div class=\"eight columns animated\">\n\t\t\t\t<h1 class=\"mainTitle\">Contact<\/h1>\t\n\t\t\t\t<p>Les cours de piano ont lieu:<br><BR>\n\nWerfstraat 60<BR>\n2586 AZ<BR>\nLa Haye<BR>\n<BR>\nTarifs:<BR>\n30 mn = 24 euros <BR>\n45 mn = 35 euros<BR>\n1h = 45 euros<BR>\n<BR>\nVous aurez \u00e9galement la possibilit\u00e9 d\u2019installer un paiement mensuel tout au long de l\u2019ann\u00e9e scolaire pour 38 semaines de cours sur 10 mois:\n<BR>\n30mn = 85 euros par mois<BR>\n45mn = 130 euros par mois<BR>\n1h = 170 euros par mois<BR>\n<BR><BR>\n<a element.style {color: #fff;} href=\"mailto:contact@maudalicherif.fr\" target=\"_top\" >Envoyez un email<\/a>\n<\/p>\n\t\t\t\t<div class=\"contacts\"> \t\t\t\n\t\t\t\t\t<ul>\t\t\t\n\t\t\t\t\t\t\t\t\t\t\t\t\n\t\t\t\t\t\t<li>\t\t\t\t\t\t\n\t\t\t\t\t\t\t<i class=\"\"><\/i><span><\/span><br>\n\t\t\t\t\t\t\t<span><\/span>\t\t\t\n\t\t\t\t\t\t<\/li>\t\t\t\t\t\n\t\t\t\t\t\t\t\n\t\t\t\t\t<\/ul>\t\t\t\n\t\t\t\t<\/div>\t\t\t\t\t\t\t\t\t\n\t\t\t<\/div>\n\t\t\t\n\t\t\t\n\t\t\t\n\t\t\t<div class=\"eight columns animated\">\n\t\t\t\t<!--Contact form-->\n\t\t\t\t<div class=\"contactForm\">\n\t\t\t\t\t\t\n\t\t\t\t<\/div>\n\t\t\t\t<!--End contact form-->\t\n\t\t\t<\/div>\n\t\t\t\n\t\t<\/div>\n\t\t\n\t\t\t<div class=\"decoration-bottom\">\n\t\t\t<svg version=\"1.1\" xmlns=\"http:\/\/www.w3.org\/2000\/svg\" width=\"100%\" height=\"100%\" viewBox=\"0 0 2880.000000 317.000000\" preserveAspectRatio=\"xMaxYMin meet\">\n    <g transform=\"translate(0.000000,317.000000) scale(0.100000,-0.100000)\" class=\"decoration-green\">\n        <path d=\"M0 3170 c3 0 68 -25 355 -84 773 -177 1651 -364 2360 -500 102 -20 277 -54 390 -76 192 -37 672 -126 910 -169 58 -10 182 -33 275 -49 382 -70 426 -77 1005 -175 245 -41 597 -98 900 -146 69 -11 152 -25 185 -30 67 -11 238 -37 490 -75 94 -14 271 -41 395 -60 188 -29 530 -78 1390 -200 268 -38 1056 -142 1360 -180 63 -8 297 -37 520 -65 223 -27 461 -57 530 -65 69 -8 222 -26 340 -40 118 -14 249 -30 290 -35 41 -6 136 -17 210 -24 74 -8 236 -26 360 -41 336 -38 446 -50 1065 -116 405 -43 575 -60 715 -74 582 -58 1002 -99 1170 -115 63 -6 183 -17 265 -25 247 -24 464 -44 770 -70 160 -14 337 -30 395 -35 58 -6 188 -17 290 -25 102 -8 295 -24 430 -35 248 -20 543 -44 990 -81 270 -22 665 -51 986 -74 483 -33 650 -45 839 -60 299 -22 610 -43 890 -60 598 -37 885 -55 950 -60 39 -3 149 -10 245 -16 437 -25 898 -50 1160 -64 157 -8 323 -17 370 -20 93 -5 416 -22 605 -30 66 -3 199 -10 295 -16 96 -5 335 -16 530 -24 195 -9 510 -22 700 -30 650 -28 2582 -94 2850 -95 l37 0 0 1575 0 1575 -14382 -1 c-8897 0 -14372 -4 -14353 -10z\"><\/path>\n    <\/g>\n<\/svg>\n<\/div>\n\t\t\t<div class=\"google-map-block\">\t\t\t\t\t\n\t\t\t\t\t<div id=\"map_canvas\"><\/div>\n\t\t\t\t<\/div>\n\t\t<\/section>\n\t\t<\/div>\n\t\t\t\n\t<\/div>\n","protected":false},"excerpt":{"rendered":"","protected":false},"author":1,"featured_media":0,"parent":0,"menu_order":0,"comment_status":"closed","ping_status":"closed","template":"onepage.php","meta":{"footnotes":""},"class_list":["post-15","page","type-page","status-publish","hentry"],"_links":{"self":[{"href":"https:\/\/maudalicherif.fr\/fr\/wp-json\/wp\/v2\/pages\/15","targetHints":{"allow":["GET"]}}],"collection":[{"href":"https:\/\/maudalicherif.fr\/fr\/wp-json\/wp\/v2\/pages"}],"about":[{"href":"https:\/\/maudalicherif.fr\/fr\/wp-json\/wp\/v2\/types\/page"}],"author":[{"embeddable":true,"href":"https:\/\/maudalicherif.fr\/fr\/wp-json\/wp\/v2\/users\/1"}],"replies":[{"embeddable":true,"href":"https:\/\/maudalicherif.fr\/fr\/wp-json\/wp\/v2\/comments?post=15"}],"version-history":[{"count":6,"href":"https:\/\/maudalicherif.fr\/fr\/wp-json\/wp\/v2\/pages\/15\/revisions"}],"predecessor-version":[{"id":32,"href":"https:\/\/maudalicherif.fr\/fr\/wp-json\/wp\/v2\/pages\/15\/revisions\/32"}],"wp:attachment":[{"href":"https:\/\/maudalicherif.fr\/fr\/wp-json\/wp\/v2\/media?parent=15"}],"curies":[{"name":"wp","href":"https:\/\/api.w.org\/{rel}","templated":true}]}}